{"id":24953,"date":"2024-07-15T15:04:41","date_gmt":"2024-07-15T10:04:41","guid":{"rendered":"https:\/\/test.hblasset.com\/%d9%88%d8%a7%d9%b9%d8%b3-%d8%a7%db%8c%d9%be-%d8%b3%d8%b1%d9%88%d8%b3%d8%b2\/"},"modified":"2025-05-06T16:25:33","modified_gmt":"2025-05-06T11:25:33","slug":"%d9%88%d8%a7%d9%b9%d8%b3-%d8%a7%db%8c%d9%be-%d8%b3%d8%b1%d9%88%d8%b3%d8%b2","status":"publish","type":"page","link":"https:\/\/test.hblasset.com\/ur\/%d9%88%d8%a7%d9%b9%d8%b3-%d8%a7%db%8c%d9%be-%d8%b3%d8%b1%d9%88%d8%b3%d8%b2\/","title":{"rendered":"\u00d9\u02c6\u00d8\u00a7\u00d9\u00b9\u00d8\u00b3 \u00d8\u00a7\u00db\u0152\u00d9\u00be \u00d8\u00b3\u00d8\u00b1\u00d9\u02c6\u00d8\u00b3\u00d8\u00b2"},"content":{"rendered":"\t\t<div data-elementor-type=\"wp-page\" data-elementor-id=\"24953\" class=\"elementor elementor-24953 elementor-23379\" data-elementor-settings=\"{&quot;element_pack_global_tooltip_width&quot;:{&quot;unit&quot;:&quot;px&quot;,&quot;size&quot;:&quot;&quot;,&quot;sizes&quot;:[]},&quot;element_pack_global_tooltip_width_tablet&quot;:{&quot;unit&quot;:&quot;px&quot;,&quot;size&quot;:&quot;&quot;,&quot;sizes&quot;:[]},&quot;element_pack_global_tooltip_width_mobile&quot;:{&quot;unit&quot;:&quot;px&quot;,&quot;size&quot;:&quot;&quot;,&quot;sizes&quot;:[]},&quot;element_pack_global_tooltip_padding&quot;:{&quot;unit&quot;:&quot;px&quot;,&quot;top&quot;:&quot;&quot;,&quot;right&quot;:&quot;&quot;,&quot;bottom&quot;:&quot;&quot;,&quot;left&quot;:&quot;&quot;,&quot;isLinked&quot;:true},&quot;element_pack_global_tooltip_padding_tablet&quot;:{&quot;unit&quot;:&quot;px&quot;,&quot;top&quot;:&quot;&quot;,&quot;right&quot;:&quot;&quot;,&quot;bottom&quot;:&quot;&quot;,&quot;left&quot;:&quot;&quot;,&quot;isLinked&quot;:true},&quot;element_pack_global_tooltip_padding_mobile&quot;:{&quot;unit&quot;:&quot;px&quot;,&quot;top&quot;:&quot;&quot;,&quot;right&quot;:&quot;&quot;,&quot;bottom&quot;:&quot;&quot;,&quot;left&quot;:&quot;&quot;,&quot;isLinked&quot;:true},&quot;element_pack_global_tooltip_border_radius&quot;:{&quot;unit&quot;:&quot;px&quot;,&quot;top&quot;:&quot;&quot;,&quot;right&quot;:&quot;&quot;,&quot;bottom&quot;:&quot;&quot;,&quot;left&quot;:&quot;&quot;,&quot;isLinked&quot;:true},&quot;element_pack_global_tooltip_border_radius_tablet&quot;:{&quot;unit&quot;:&quot;px&quot;,&quot;top&quot;:&quot;&quot;,&quot;right&quot;:&quot;&quot;,&quot;bottom&quot;:&quot;&quot;,&quot;left&quot;:&quot;&quot;,&quot;isLinked&quot;:true},&quot;element_pack_global_tooltip_border_radius_mobile&quot;:{&quot;unit&quot;:&quot;px&quot;,&quot;top&quot;:&quot;&quot;,&quot;right&quot;:&quot;&quot;,&quot;bottom&quot;:&quot;&quot;,&quot;left&quot;:&quot;&quot;,&quot;isLinked&quot;:true}}\" data-elementor-post-type=\"page\">\n\t\t\t\t\t\t<section class=\"elementor-section elementor-top-section elementor-element elementor-element-1a6cdcc elementor-section-boxed elementor-section-height-default elementor-section-height-default\" data-id=\"1a6cdcc\" data-element_type=\"section\">\n\t\t\t\t\t\t<div class=\"elementor-container elementor-column-gap-default\">\n\t\t\t\t\t<div class=\"elementor-column elementor-col-100 elementor-top-column elementor-element elementor-element-6cc27ff\" data-id=\"6cc27ff\" data-element_type=\"column\">\n\t\t\t<div class=\"elementor-widget-wrap elementor-element-populated\">\n\t\t\t\t\t\t<div class=\"elementor-element elementor-element-2f94f6b elementor-widget__width-initial elementor-widget elementor-widget-text-editor\" data-id=\"2f94f6b\" data-element_type=\"widget\" data-widget_type=\"text-editor.default\">\n\t\t\t\t<div class=\"elementor-widget-container\">\n\t\t\t\t\t\t\t\t\t<h4>\u0627\u06cc\u0686 \u0628\u06cc \u0627\u06cc\u0644 \u0627\u06cc\u0633\u06cc\u0679 \u0645\u06cc\u0646\u062c\u0645\u0646\u0679 \u0644\u0645\u06cc\u0679\u0688 <strong>\u0646\u06d2<\/strong> <strong>HBLAMC Advisor<\/strong><strong> \u0645\u062a\u0639\u0627\u0631\u0641 \u06a9\u0631\u0627\u06cc\u0627 \u06c1\u06d2\u06d4<\/strong><\/h4><p>Advisor \u0627\u06cc\u06a9 \u062c\u062f\u06cc\u062f WhatsApp \u0686\u06cc\u0679 \u0628\u0648\u0679 \u06c1\u06d2 \u062c\u0633\u06d2 \u0622\u067e \u06a9\u06d2 \u0645\u0627\u0644\u06cc\u0627\u062a\u06cc \u062a\u062c\u0631\u0628\u06d2 \u06a9\u0648 \u0622\u0633\u0627\u0646 \u0627\u0648\u0631 \u0628\u06c1\u062a\u0631 \u0628\u0646\u0627\u0646\u06d2 \u06a9\u06d2 \u0644\u06cc\u06d2 \u0688\u06cc\u0632\u0627\u0626\u0646 \u06a9\u06cc\u0627 \u06af\u06cc\u0627 \u06c1\u06d2\u06d4 24\/7 \u0631\u0633\u0627\u0626\u06cc \u06a9\u06d2 \u0633\u0627\u062a\u06be\u060c \u0622\u067e \u0627\u067e\u0646\u06d2 \u0627\u06a9\u0627\u0624\u0646\u0679 \u06a9\u0648 \u06a9\u0633\u06cc \u0628\u06be\u06cc \u0648\u0642\u062a\u060c \u06a9\u06c1\u06cc\u06ba \u0633\u06d2\u0628\u06be\u06cc\u060c \u0622\u0633\u0627\u0646\u06cc \u06a9\u06d2 \u0633\u0627\u062a\u06be \u0645\u0646\u0638\u0645 \u0627\u0648\u0631 \u06a9\u0646\u0679\u0631\u0648\u0644 \u06a9\u0631 \u0633\u06a9\u062a\u06d2 \u06c1\u06cc\u06ba\u06d4 Advisor \u0622\u067e \u06a9\u06cc \u0628\u0686\u062a \u06a9\u06d2 \u0644\u06cc\u06d2 \u0627\u06cc\u06a9 \u0628\u0644\u0627\u0631\u06a9\u0627\u0648\u0679\u060c \u0645\u062d\u0641\u0648\u0638 \u06a9\u0646\u06a9\u0634\u0646 \u06a9\u0648 \u06cc\u0642\u06cc\u0646\u06cc \u0628\u0646\u0627\u062a\u0627 \u06c1\u06d2 \u0627\u0648\u0631 \u0622\u067e \u06a9\u0648 \u0636\u0631\u0648\u0631\u06cc \u0627\u067e \u0688\u06cc\u0679\u0633 \u0641\u0631\u0627\u06c1\u0645 \u06a9\u0631\u062a\u0627 \u06c1\u06d2\u06d4<\/p><p>\u06a9\u06cc\u0627 \u0622\u067e \u0627\u067e\u0646\u06cc \u0633\u0631\u0645\u0627\u06cc\u06c1 \u06a9\u0627\u0631\u06cc \u06a9\u06cc \u0630\u0645\u06c1 \u062f\u0627\u0631\u06cc \u062e\u0648\u062f \u0633\u0646\u0628\u06be\u0627 \u0644\u0646\u06d2 \u06a9\u06d2 \u0644\u06cc\u06d3 \u062a\u06cc\u0627\u0631 \u06c1\u06cc\u06ba\u061f \u062f\u0631\u062c \u0646\u0645\u0628\u0631 \u067e\u0631 \u0648\u0627\u0679\u0633 \u0627\u06cc\u067e \u06a9\u06d2 \u0630\u0631\u06cc\u0639\u06d2 HBLAMC Advisor \u0633\u06d2 \u0631\u0627\u0628\u0637\u06c1 \u06a9\u0631\u06cc\u06ba\u060c \u0646\u06cc\u0686\u06d2 \u062f\u06cc\u0626\u06d2 \u06af\u0626\u06d2 \u0628\u0679\u0646 \u06a9\u0648 \u06a9\u0644\u06a9 \u06a9\u0631\u06cc\u06ba \u06cc\u0627 QR \u06a9\u0648\u0688 \u0627\u0633\u06a9\u06cc\u0646 \u06a9\u0631\u06cc\u06ba!<\/p><p><a class=\"elementor-button elementor-button-link elementor-size-sm\" href=\"https:\/\/api.whatsapp.com\/send?phone=9221111425262&amp;text=hi\" target=\"_blank\" rel=\"noopener\">HBLAMC \u0645\u0634\u06cc\u0631<\/a><\/p><p><img decoding=\"async\" class=\"alignnone size-full wp-image-9231\" src=\"https:\/\/test.hblasset.com\/wp-content\/uploads\/2024\/10\/Picture1.png\" alt=\"\" width=\"190\" height=\"190\"><\/p><p><strong><u>\u0627\u06a9\u0627\u0624\u0646\u0679 \u06c1\u0648\u0644\u0688\u0631\u0632 \u06a9\u06d2 \u0644\u06cc\u06d2<\/u><\/strong> <strong><u>HBLAMC \u0645\u0634\u06cc\u0631<\/u><\/strong><\/p><p><strong>\u0648\u06c1 \u062e\u0635\u0648\u0635\u06cc\u0627\u062a \u062c\u0648 \u0627\u06c1\u0645\u06cc\u062a \u0631\u06a9\u06be\u062a\u06cc \u06c1\u06cc\u06ba\u06d4<\/strong><\/p><ol><li>* (\u0688\u06cc\u062c\u06cc\u0679\u0644 \u067e\u0644\u06cc\u0679 \u0641\u0627\u0631\u0645) \u06a9\u06d2 \u0644\u06cc\u06d2 \u0631\u062c\u0633\u0679\u0631 \u06a9\u0631\u06cc\u06ba<\/li><li>\u0627\u06a9\u0627\u0624\u0646\u0679 \u0627\u0633\u0679\u06cc\u0679\u0645\u0646\u0679 \u062f\u06cc\u06a9\u06be\u06cc\u06ba<\/li><li>\u0627\u06a9\u0627\u0624\u0646\u0679 \u0628\u06cc\u0644\u0646\u0633 \u062f\u06cc\u06a9\u06be\u06cc\u06ba<\/li><li>\u06af\u0630\u0634\u062a\u06c1 \u0645\u0627\u06c1 \u06a9\u06cc \u0641\u0646\u0688 \u0645\u06cc\u0646\u06cc\u062c\u0631 \u0631\u067e\u0648\u0631\u0679 \u062f\u06cc\u06a9\u06be\u06cc\u06ba<\/li><li>\u0641\u0646\u0688\u06a9\u06cc NAVs \u062f\u06cc\u06a9\u06be\u06cc\u06ba<\/li><li>\u067e\u0631\u0627\u0688\u06a9\u0679\u0633 \u062f\u06cc\u06a9\u06be\u06cc\u06ba<\/li><li>\u0627\u0646\u0633\u0627\u0646\u06cc \u0645\u062f\u062f \u062d\u0627\u0635\u0644 \u06a9\u0631\u06cc\u06ba<\/li><li>\u0634\u06a9\u0627\u06cc\u062a \u062f\u0631\u062c \u06a9\u0631\u06cc\u06ba<\/li><\/ol><p><strong>HBLAMC WhatsApp Chatbot \u0627\u0633\u062a\u0639\u0645\u0627\u0644 \u06a9\u0631\u0646\u0627 \u0634\u0631\u0648\u0639 \u06a9\u0631\u06cc\u06ba<\/strong><\/p><ul><li>HBLAMC Advisor WhatsApp \u0646\u0645\u0628\u0631 <strong>\u060c<\/strong> <strong>021-111-425-262 \u06a9\u0648<\/strong> \u0627\u067e\u0646\u06d2 \u0633\u0645\u0627\u0631\u0679 \u0688\u06cc\u0648\u0627\u0626\u0633 \u067e\u0631 \u0645\u062d\u0641\u0648\u0638 \u06a9\u0631\u06cc\u06ba\u06d4<\/li><li>&quot;Hi&#8221; \u0679\u0627\u0626\u067e \u06a9\u0631\u06cc\u06ba \u0627\u0648\u0631 \u0627\u067e\u0646\u06d2 \u0631\u062c\u0633\u0679\u0631\u0688 \u0646\u0645\u0628\u0631\u0633\u06d2 \u0627\u0648\u067e\u0631 \u062f\u06cc\u06d3 \u06af\u06d3 \u0646\u0645\u0628\u0631 \u067e\u0631\u0628\u06be\u06cc\u062c\u06cc\u06ba\u06d4<\/li><li>\u0622\u067e \u06a9\u0648 \u0627\u067e\u0646\u06d2 \u0631\u062c\u0633\u0679\u0631\u0688 \u0631\u0627\u0628\u0637\u06c1 \u0646\u0645\u0628\u0631 \u067e\u0631 \u0627\u06cc\u06a9 OTP \u0645\u0648\u0635\u0648\u0644 \u06c1\u0648\u06af\u0627\u06d4<\/li><li>\u062a\u0635\u062f\u06cc\u0642 \u06a9\u06d2 \u0644\u06cc\u06d2 HBLAMC Advisor \u06a9\u06d2 WhatsApp \u067e\u0631 OTP \u062f\u0631\u062c \u06a9\u0631\u06cc\u06ba\u06d4<\/li><li>\u0634\u0631\u0627\u0626\u0637 \u0648 \u0636\u0648\u0627\u0628\u0637 \u0633\u06d2 \u0631\u0636\u0627\u0645\u0646\u062f\u06cc \u06a9\u06d2 \u0644\u06cc\u06d3 &quot;Yes&#8221; \u062f\u0628\u0627\u0626\u06cc\u06ba\u06d4<\/li><\/ul><p><strong><u>\u0628\u063a\u06cc\u0631\u0627\u06a9\u0627\u0624\u0646\u0679 \u06c1\u0648\u0644\u0688\u0631\u0632 \u06a9\u06d2 \u0644\u06cc\u06d2 HBLAMC Advisor \u06a9\u06cc \u062f\u0633\u062a\u06cc\u0627\u0628 \u0633\u06c1\u0648\u0644\u06cc\u0627\u062a\u063a\u06cc\u0631 \u0627\u06a9\u0627\u0624\u0646\u0679 \u06c1\u0648\u0644\u0688\u0631\u0632 \u06a9\u06d2 \u0644\u06cc\u06d2<\/u><\/strong> <strong><u>HBLAMC \u0645\u0634\u06cc\u0631<\/u><\/strong><\/p><p><strong>\u062e\u0635\u0648\u0635\u06cc\u0627\u062a \u062f\u0633\u062a\u06cc\u0627\u0628 \u06c1\u06cc\u06ba\u06d4 <\/strong><\/p><ol><li>\u0646\u06cc\u0627 \u0627\u06a9\u0627\u0624\u0646\u0679 \u06a9\u06be\u0648\u0644\u06cc\u06ba (\u0688\u06cc\u062c\u06cc\u0679\u0644 \u0627\u06a9\u0627\u0624\u0646\u0679 HBL \u0628\u0686\u062a)\/\u06a9\u0633\u06cc \u0627\u06cc\u062c\u0646\u0679 \u0633\u06d2 \u0645\u0644\u0627\u0642\u0627\u062a \u06a9\u06cc \u062f\u0631\u062e\u0648\u0627\u0633\u062a \u06a9\u0631\u06cc\u06ba)<br>2. \u067e\u0631\u0627\u0688\u06a9\u0679\u0633 \u062f\u06cc\u06a9\u06be\u06cc\u06ba<br>3. \u0627\u0646\u0633\u0627\u0646\u06cc \u0645\u062f\u062f \u062d\u0627\u0635\u0644 \u06a9\u0631\u06cc\u06ba\u06d4<\/li><\/ol><p><strong>HBLAMC WhatsApp Chatbot \u0627\u0633\u062a\u0639\u0645\u0627\u0644 \u06a9\u0631\u0646\u0627 \u0634\u0631\u0648\u0639 \u06a9\u0631\u06cc\u06ba\u06d4<\/strong><\/p><ul><li>HBLAMC \u0627\u06cc\u0688\u0648\u0627\u0626\u0632\u0631 \u06a9\u0627 \u0648\u0627\u0679\u0633 \u0627\u06cc\u067e \u0646\u0645\u0628\u0631\u060c <strong>021-111-425-262<\/strong> <strong>\u060c<\/strong> \u0627\u067e\u0646\u06d2 \u0633\u0645\u0627\u0631\u0679 \u0688\u06cc\u0648\u0627\u0626\u0633\u0632 \u067e\u0631 \u0645\u062d\u0641\u0648\u0638 \u06a9\u0631\u06cc\u06ba\u06d4<\/li><li>&quot;Hi&#8221; \u0679\u0627\u0626\u067e \u06a9\u0631\u06cc\u06ba \u0627\u0648\u0631 \u0627\u0633\u06d2 \u062f\u0631\u062c \u0646\u0645\u0628\u0631 \u067e\u0631 \u0628\u06be\u06cc\u062c\u06cc\u06ba\u06d4<\/li><li>\u0634\u0631\u0627\u0626\u0637 \u0648 \u0636\u0648\u0627\u0628\u0637 \u0633\u06d2 \u0631\u0636\u0627\u0645\u0646\u062f\u06cc \u06a9\u06d2 \u0644\u06cc\u06d3 &quot;Yes&#8221; \u062f\u0628\u0627\u0626\u06cc\u06ba\u06d4<\/li><\/ul><p><strong>\u0646\u0648\u0679:<\/strong> HBLAMC \u0627\u06cc\u0688\u0648\u0627\u0626\u0632\u0631 WhatsApp \u067e\u0631 \u06a9\u0648\u0626\u06cc \u0628\u06be\u06cc \u0633\u06cc\u0634\u0646 24 \u06af\u06be\u0646\u0679\u06d2 \u0641\u0639\u0627\u0644 \u0631\u06c1\u06d2 \u06af\u0627\u06d4<\/p><p>\n\t        \t<div class=\"download-link\">\n\t        \t\t\u0634\u0631\u0627\u0626\u0637 \u0648 \u0636\u0648\u0627\u0628\u0637 \u062f\u06cc\u06a9\u06be\u0646\u06d2 \u06a9\u06d2 \u0644\u06cc\u06d2 \u06cc\u06c1\u0627\u06ba \u06a9\u0644\u06a9 \u06a9\u0631\u06cc\u06ba\u06d4 \n\t        \t\t<a target=\"_blank\" href=\"https:\/\/test.hblasset.com\/assets\/uploads\/2024\/06\/Terms-Conditions-HBLAMC-Advisor.pdf\"><img decoding=\"async\" src=\"https:\/\/test.hblasset.com\/wp-content\/themes\/vault-child\/img\/download.svg\"><\/a>\n\t        \t<\/div>\n\t        <\/p>\t\t\t\t\t\t\t\t<\/div>\n\t\t\t\t<\/div>\n\t\t\t\t<div class=\"elementor-element elementor-element-0965389 elementor-widget elementor-widget-spacer\" data-id=\"0965389\" data-element_type=\"widget\" data-widget_type=\"spacer.default\">\n\t\t\t\t<div class=\"elementor-widget-container\">\n\t\t\t\t\t\t\t<div class=\"elementor-spacer\">\r\n\t\t\t<div class=\"elementor-spacer-inner\"><\/div>\r\n\t\t<\/div>\r\n\t\t\t\t\t\t<\/div>\n\t\t\t\t<\/div>\n\t\t\t\t\t<\/div>\n\t\t<\/div>\n\t\t\t\t\t<\/div>\n\t\t<\/section>\n\t\t\t\t<\/div>\n\t\t","protected":false},"excerpt":{"rendered":"<p>\u00d8\u00a7\u00db\u0152\u00da\u2020 \u00d8\u00a8\u00db\u0152 \u00d8\u00a7\u00db\u0152\u00d9\u201e \u00d8\u00a7\u00db\u0152\u00d8\u00b3\u00db\u0152\u00d9\u00b9 \u00d9\u2026\u00db\u0152\u00d9\u2020\u00d8\u00ac\u00d9\u2026\u00d9\u2020\u00d9\u00b9 \u00d9\u201e\u00d9\u2026\u00db\u0152\u00d9\u00b9\u00da\u02c6 \u00d9\u2020\u00db\u2019 HBLAMC Advisor \u00d9\u2026\u00d8\u00aa\u00d8\u00b9\u00d8\u00a7\u00d8\u00b1\u00d9\u0081 \u00da\u00a9\u00d8\u00b1\u00d8\u00a7\u00db\u0152\u00d8\u00a7 \u00db\u0081\u00db\u2019\u00db\u201d Advisor \u00d8\u00a7\u00db\u0152\u00da\u00a9 \u00d8\u00ac\u00d8\u00af\u00db\u0152\u00d8\u00af WhatsApp \u00da\u2020\u00db\u0152\u00d9\u00b9 \u00d8\u00a8\u00d9\u02c6\u00d9\u00b9 \u00db\u0081\u00db\u2019 \u00d8\u00ac\u00d8\u00b3\u00db\u2019 \u00d8\u00a2\u00d9\u00be \u00da\u00a9\u00db\u2019 [&hellip;]<\/p>\n","protected":false},"author":44,"featured_media":0,"parent":0,"menu_order":0,"comment_status":"closed","ping_status":"closed","template":"","meta":{"footnotes":""},"folder":[],"class_list":["post-24953","page","type-page","status-publish","hentry"],"_links":{"self":[{"href":"https:\/\/test.hblasset.com\/ur\/wp-json\/wp\/v2\/pages\/24953","targetHints":{"allow":["GET"]}}],"collection":[{"href":"https:\/\/test.hblasset.com\/ur\/wp-json\/wp\/v2\/pages"}],"about":[{"href":"https:\/\/test.hblasset.com\/ur\/wp-json\/wp\/v2\/types\/page"}],"author":[{"embeddable":true,"href":"https:\/\/test.hblasset.com\/ur\/wp-json\/wp\/v2\/users\/44"}],"replies":[{"embeddable":true,"href":"https:\/\/test.hblasset.com\/ur\/wp-json\/wp\/v2\/comments?post=24953"}],"version-history":[{"count":1,"href":"https:\/\/test.hblasset.com\/ur\/wp-json\/wp\/v2\/pages\/24953\/revisions"}],"predecessor-version":[{"id":24954,"href":"https:\/\/test.hblasset.com\/ur\/wp-json\/wp\/v2\/pages\/24953\/revisions\/24954"}],"wp:attachment":[{"href":"https:\/\/test.hblasset.com\/ur\/wp-json\/wp\/v2\/media?parent=24953"}],"wp:term":[{"taxonomy":"folder","embeddable":true,"href":"https:\/\/test.hblasset.com\/ur\/wp-json\/wp\/v2\/folder?post=24953"}],"curies":[{"name":"wp","href":"https:\/\/api.w.org\/{rel}","templated":true}]}}